{"id":81,"date":"2015-10-07T14:13:13","date_gmt":"2015-10-07T13:13:13","guid":{"rendered":"https:\/\/stlumine-stemarie.fr\/?page_id=81"},"modified":"2025-12-07T09:15:27","modified_gmt":"2025-12-07T08:15:27","slug":"equipe","status":"publish","type":"page","link":"https:\/\/stlumine-stemarie.fr\/?page_id=81","title":{"rendered":"Equipe"},"content":{"rendered":"<h2 style=\"text-align: center\">L&rsquo;\u00e9quipe de l&rsquo;\u00e9cole Ste Marie<\/h2>\n<p style=\"text-align: center\"><strong>2025\/2026<\/strong><\/p>\n<p style=\"text-align: center\">&nbsp;<\/p>\n<ul>\n<li style=\"text-align: left\"><strong>PS : Mme Carole CAHEREC &#8211; ASEM : <\/strong><strong>Mme C\u00e9cile MASSONNEAU et Amandine GUESDON (en remplacement)<\/strong><\/li>\n<li style=\"text-align: left\"><strong>MS \/ GS : Mme Florence DEUX- ASEM: Mme Annabelle CHEVRIER- AESH: Mme B\u00e9n\u00e9dicte BURGAUD et Mme H\u00e9l\u00e8ne GIRAUDEAU<\/strong><\/li>\n<li style=\"text-align: left\"><strong>GS \/ CP : Mme La\u00ebtitia JAUNATRE &#8211; ASEM : Mme C\u00e9cile ARDOIS<\/strong><\/li>\n<li style=\"text-align: left\"><strong>CE1 \/ CE2 : Mme M\u00e9lanie CHAIGNEAU<\/strong><\/li>\n<li style=\"text-align: left\"><strong>CE2 \/ CM1 : Mme Jeanne LAUVERNIER<\/strong><\/li>\n<li style=\"text-align: left\"><strong>CM1 \/ CM2 : Mme Chantal DOFONNOU et Mme Sol\u00e8ne AGOLIN- AESH: Mme Sylvie GRAVOUIL et C\u00e9line<\/strong><\/li>\n<li style=\"text-align: left\"><strong>Enseignante Sp\u00e9cialis\u00e9e : Mme Virginie LE NINIVEN<\/strong><\/li>\n<\/ul>\n<p style=\"text-align: center\">&nbsp;<\/p>\n","protected":false},"excerpt":{"rendered":"<p>L&rsquo;\u00e9quipe de l&rsquo;\u00e9cole Ste Marie 2025\/2026 &nbsp; PS : Mme Carole CAHEREC &#8211; ASEM : Mme C\u00e9cile MASSONNEAU et Amandine GUESDON (en remplacement) MS \/ GS : Mme Florence DEUX- ASEM: Mme Annabelle CHEVRIER- AESH: Mme B\u00e9n\u00e9dicte BURGAUD et Mme H\u00e9l\u00e8ne GIRAUDEAU GS \/ CP : Mme La\u00ebtitia JAUNATRE &#8211; ASEM : Mme C\u00e9cile ARDOIS<\/p>\n<p><a href=\"https:\/\/stlumine-stemarie.fr\/?page_id=81\" class=\"more-link themebutton\">Read More<\/a><\/p>\n","protected":false},"author":1,"featured_media":0,"parent":0,"menu_order":0,"comment_status":"closed","ping_status":"closed","template":"","meta":{"ngg_post_thumbnail":0,"footnotes":""},"class_list":["post-81","page","type-page","status-publish","hentry"],"_links":{"self":[{"href":"https:\/\/stlumine-stemarie.fr\/index.php?rest_route=\/wp\/v2\/pages\/81","targetHints":{"allow":["GET"]}}],"collection":[{"href":"https:\/\/stlumine-stemarie.fr\/index.php?rest_route=\/wp\/v2\/pages"}],"about":[{"href":"https:\/\/stlumine-stemarie.fr\/index.php?rest_route=\/wp\/v2\/types\/page"}],"author":[{"embeddable":true,"href":"https:\/\/stlumine-stemarie.fr\/index.php?rest_route=\/wp\/v2\/users\/1"}],"replies":[{"embeddable":true,"href":"https:\/\/stlumine-stemarie.fr\/index.php?rest_route=%2Fwp%2Fv2%2Fcomments&post=81"}],"version-history":[{"count":25,"href":"https:\/\/stlumine-stemarie.fr\/index.php?rest_route=\/wp\/v2\/pages\/81\/revisions"}],"predecessor-version":[{"id":7051,"href":"https:\/\/stlumine-stemarie.fr\/index.php?rest_route=\/wp\/v2\/pages\/81\/revisions\/7051"}],"wp:attachment":[{"href":"https:\/\/stlumine-stemarie.fr\/index.php?rest_route=%2Fwp%2Fv2%2Fmedia&parent=81"}],"curies":[{"name":"wp","href":"https:\/\/api.w.org\/{rel}","templated":true}]}}