{"id":3493,"date":"2019-03-13T22:34:52","date_gmt":"2019-03-13T21:34:52","guid":{"rendered":"https:\/\/stlumine-stemarie.fr\/?page_id=3493"},"modified":"2020-10-17T08:43:13","modified_gmt":"2020-10-17T06:43:13","slug":"inscriptions-scolaires","status":"publish","type":"page","link":"https:\/\/stlumine-stemarie.fr\/?page_id=3493","title":{"rendered":"Inscriptions scolaires"},"content":{"rendered":"<p><strong><em>Inscriptions Scolaires&nbsp;<\/em><\/strong><\/p>\n<p>Vous souhaitez inscrire votre enfant pour la rentr\u00e9e prochaine, il vous suffit de contacter <strong>Mme DOFONNOU Chantal, la Directrice de l&rsquo;\u00e9cole<\/strong> afin programmer une rencontre et d&rsquo;\u00e9changer ensemble sur le fonctionnement de l&rsquo;\u00e9tablissement, le projet \u00e9ducatif et si vous le souhaitez de visiter la futur classe de votre enfant.<\/p>\n<p>Mme DOFONNOU est disponible,&nbsp;<\/p>\n<p>par t\u00e9l\u00e9phone : <strong>06.13.86.53.57<\/strong><\/p>\n<p>et&nbsp;<\/p>\n<p>par mail : <strong>ec.st-lumine-coutais.ste-marie@ec44.fr<\/strong><\/p>\n<p>Si vous \u00eates amen\u00e9s \u00e0 laisser un message, merci de pr\u00e9ciser votre <strong>nom<\/strong>, <strong>pr\u00e9nom<\/strong> et <strong>num\u00e9ro de t\u00e9l\u00e9phone,<\/strong> afin de vous recontacter le plus rapidement possible.<\/p>\n<p>Nous serons ravis de vous compter parmi nous, pour la rentr\u00e9e prochaine !<\/p>\n<p><a href=\"https:\/\/stlumine-stemarie.fr\/wp-content\/uploads\/2019\/03\/inscription.jpg\"><img loading=\"lazy\" decoding=\"async\" class=\"size-medium wp-image-3489 aligncenter\" src=\"https:\/\/stlumine-stemarie.fr\/wp-content\/uploads\/2019\/03\/inscription-300x217.jpg\" alt=\"\" width=\"300\" height=\"217\" srcset=\"https:\/\/stlumine-stemarie.fr\/wp-content\/uploads\/2019\/03\/inscription-300x217.jpg 300w, https:\/\/stlumine-stemarie.fr\/wp-content\/uploads\/2019\/03\/inscription.jpg 400w\" sizes=\"auto, (max-width: 300px) 100vw, 300px\" \/><\/a><\/p>\n","protected":false},"excerpt":{"rendered":"<p>Inscriptions Scolaires&nbsp; Vous souhaitez inscrire votre enfant pour la rentr\u00e9e prochaine, il vous suffit de contacter Mme DOFONNOU Chantal, la Directrice de l&rsquo;\u00e9cole afin programmer une rencontre et d&rsquo;\u00e9changer ensemble sur le fonctionnement de l&rsquo;\u00e9tablissement, le projet \u00e9ducatif et si vous le souhaitez de visiter la futur classe de votre enfant. Mme DOFONNOU est disponible,&nbsp;<\/p>\n<p><a href=\"https:\/\/stlumine-stemarie.fr\/?page_id=3493\" class=\"more-link themebutton\">Read More<\/a><\/p>\n","protected":false},"author":11,"featured_media":3489,"parent":0,"menu_order":0,"comment_status":"closed","ping_status":"closed","template":"","meta":{"ngg_post_thumbnail":0,"footnotes":""},"class_list":["post-3493","page","type-page","status-publish","has-post-thumbnail","hentry"],"_links":{"self":[{"href":"https:\/\/stlumine-stemarie.fr\/index.php?rest_route=\/wp\/v2\/pages\/3493","targetHints":{"allow":["GET"]}}],"collection":[{"href":"https:\/\/stlumine-stemarie.fr\/index.php?rest_route=\/wp\/v2\/pages"}],"about":[{"href":"https:\/\/stlumine-stemarie.fr\/index.php?rest_route=\/wp\/v2\/types\/page"}],"author":[{"embeddable":true,"href":"https:\/\/stlumine-stemarie.fr\/index.php?rest_route=\/wp\/v2\/users\/11"}],"replies":[{"embeddable":true,"href":"https:\/\/stlumine-stemarie.fr\/index.php?rest_route=%2Fwp%2Fv2%2Fcomments&post=3493"}],"version-history":[{"count":2,"href":"https:\/\/stlumine-stemarie.fr\/index.php?rest_route=\/wp\/v2\/pages\/3493\/revisions"}],"predecessor-version":[{"id":4059,"href":"https:\/\/stlumine-stemarie.fr\/index.php?rest_route=\/wp\/v2\/pages\/3493\/revisions\/4059"}],"wp:featuredmedia":[{"embeddable":true,"href":"https:\/\/stlumine-stemarie.fr\/index.php?rest_route=\/wp\/v2\/media\/3489"}],"wp:attachment":[{"href":"https:\/\/stlumine-stemarie.fr\/index.php?rest_route=%2Fwp%2Fv2%2Fmedia&parent=3493"}],"curies":[{"name":"wp","href":"https:\/\/api.w.org\/{rel}","templated":true}]}}