{"id":2246,"date":"2018-03-01T08:22:34","date_gmt":"2018-03-01T07:22:34","guid":{"rendered":"https:\/\/stlumine-stemarie.fr\/?page_id=2246"},"modified":"2025-02-06T15:15:41","modified_gmt":"2025-02-06T14:15:41","slug":"ogec","status":"publish","type":"page","link":"https:\/\/stlumine-stemarie.fr\/?page_id=2246","title":{"rendered":"OGEC"},"content":{"rendered":"<h2 style=\"text-align: center\"><b>OGEC<\/b><b>&nbsp;<\/b>(l&rsquo;Organisme de Gestion de l&rsquo;Enseignement Catholique)&nbsp;<\/h2>\n<p>&nbsp;<\/p>\n<p>L\u2019OGEC, c\u2019est certainement l\u2019association que vous connaissez le moins&nbsp;bien&nbsp;mais&nbsp;elle&nbsp;est indispensable au fonctionnement de l\u2019\u00e9tablissement.&nbsp;<\/p>\n<p><b>SANS L\u2019OGEC, L\u2019ECOLE NE POURRAIT&nbsp;<\/b><b>PAS&nbsp;<\/b><b>SUBSISTER.<\/b>&nbsp;<\/p>\n<p>C\u2019est un organisme de&nbsp;gestion&nbsp;qui assure&nbsp;la responsabilit\u00e9 l\u00e9gale d\u2019un&nbsp;\u00e9tablissement&nbsp;en&nbsp;lien \u00e9troit avec le chef d\u2019\u00e9tablissement responsable du fonctionnement quotidien.&nbsp;<br \/>\nNotre association est compos\u00e9e uniquement de parents b\u00e9n\u00e9voles&nbsp;et esp\u00e8re f\u00e9d\u00e9rer l\u2019ensemble des acteurs de l\u2019\u00e9cole pour nos enfants.&nbsp;<\/p>\n<p>&nbsp;<br \/>\nL\u2019OGEC&nbsp;assure :&nbsp;<\/p>\n<ul>\n<li>La&nbsp;gestion&nbsp;\u00e9conomique et financi\u00e8re.&nbsp;<\/li>\n<li>La&nbsp;gestion sociale.&nbsp;<\/li>\n<li>La&nbsp;gestion immobili\u00e8re.&nbsp;<\/li>\n<li>Gestion du personnel et des fournisseurs<\/li>\n<\/ul>\n<p>Pour r\u00e9aliser tout cela, l\u2019OGEC s\u2019appuie&nbsp;sur :&nbsp;<\/p>\n<ul>\n<li>Les&nbsp;contributions&nbsp;des&nbsp;familles,&nbsp;<\/li>\n<li>Les&nbsp;subventions de la commune&nbsp;<\/li>\n<li>Les&nbsp;recettes li\u00e9es aux diff\u00e9rentes&nbsp;animations&nbsp;:&nbsp;le spectacle de No\u00ebl, le march\u00e9 de printemps, la kermesse, etc\u2026&nbsp;(recettes&nbsp;re\u00e7ues gr\u00e2ce \u00e0 l&rsquo;APEL)&nbsp;<\/li>\n<\/ul>\n<p>Des budgets \u201cserr\u00e9s\u201d, une bonne utilisation des comp\u00e9tences et un b\u00e9n\u00e9volat sans lequel nous&nbsp;ne&nbsp;pourrions&nbsp;tenir&#8230;. Gr\u00e2ce&nbsp;\u00e0 tout cet ensemble, notre \u00e9cole peut continuer \u00e0 exister.&nbsp;<\/p>\n<p>L\u2019OGEC est toujours \u00e0 la recherche de parents d\u00e9sirant s\u2019investir&nbsp;dans&nbsp;l\u2019\u00e9cole&nbsp;:&nbsp;chacun en fonction de ses&nbsp;disponibilit\u00e9s&nbsp;et&nbsp;ses&nbsp;contraintes.&nbsp;Plus nous&nbsp;serons&nbsp;nombreux,&nbsp;plus&nbsp;les&nbsp;projets&nbsp;se&nbsp;diversifieront&nbsp;et&nbsp;plus&nbsp;l\u2019\u00e9cole&nbsp;restera&nbsp;dynamique&nbsp;et&nbsp;tourn\u00e9e&nbsp;vers l&rsquo;avenir. Vous pouvez aider l\u2019OGEC de l\u2019\u00e9cole.&nbsp;&nbsp;<\/p>\n<p>&nbsp;<\/p>\n<p><b>Bureau<\/b>&nbsp;:&nbsp;<\/p>\n<table>\n<tbody>\n<tr>\n<td style=\"text-align: center\"><strong>Pr\u00e9sident<\/strong><\/td>\n<td style=\"text-align: center\"><b>Tr\u00e9sori\u00e8re<\/b><\/td>\n<td style=\"text-align: center\"><strong>Secr\u00e9taire<\/strong><\/td>\n<td style=\"text-align: center\"><strong>Comptabilit\u00e9<\/strong><\/td>\n<\/tr>\n<tr>\n<td><b>Florent DONNARD<\/b>&nbsp;<\/td>\n<td><b>Aur\u00e9lie VILLARBU<br \/>\n<\/b><\/td>\n<td><b>Amandine JULLIOT<\/b><\/td>\n<td><b>Sabrina MERCERON<\/b><\/td>\n<\/tr>\n<\/tbody>\n<\/table>\n<p><b>Commission&nbsp;<\/b>:&nbsp;&nbsp;<\/p>\n<ul>\n<li><b>Travaux \u00c9cole \/&nbsp;<\/b><b>R\u00e9novation<\/b><b>&nbsp;:&nbsp;<\/b>R\u00e9pondre&nbsp;aux&nbsp;demandes&nbsp;de travaux,&nbsp;\u00e9tablir&nbsp;leurs&nbsp;priorit\u00e9s, anticiper&nbsp;le temps et le mat\u00e9riel n\u00e9cessaire&nbsp;ainsi que&nbsp;g\u00e9rer toute la construction de la salle de&nbsp;motricit\u00e9, la classe et le local (construction pr\u00e9vue pour d\u00e9but 2019).&nbsp;<\/li>\n<li><strong><span class=\"TextRun SCXW193439447\" lang=\"FR-FR\" xml:lang=\"FR-FR\"><span class=\"NormalTextRun SCXW193439447\">Gestion du personnel et des fournisseurs<\/span><\/span><span class=\"EOP SCXW193439447\">&nbsp;<\/span><\/strong><\/li>\n<\/ul>\n","protected":false},"excerpt":{"rendered":"<p>OGEC&nbsp;(l&rsquo;Organisme de Gestion de l&rsquo;Enseignement Catholique)&nbsp; &nbsp; L\u2019OGEC, c\u2019est certainement l\u2019association que vous connaissez le moins&nbsp;bien&nbsp;mais&nbsp;elle&nbsp;est indispensable au fonctionnement de l\u2019\u00e9tablissement.&nbsp; SANS L\u2019OGEC, L\u2019ECOLE NE POURRAIT&nbsp;PAS&nbsp;SUBSISTER.&nbsp; C\u2019est un organisme de&nbsp;gestion&nbsp;qui assure&nbsp;la responsabilit\u00e9 l\u00e9gale d\u2019un&nbsp;\u00e9tablissement&nbsp;en&nbsp;lien \u00e9troit avec le chef d\u2019\u00e9tablissement responsable du fonctionnement quotidien.&nbsp; Notre association est compos\u00e9e uniquement de parents b\u00e9n\u00e9voles&nbsp;et esp\u00e8re f\u00e9d\u00e9rer l\u2019ensemble des<\/p>\n<p><a href=\"https:\/\/stlumine-stemarie.fr\/?page_id=2246\" class=\"more-link themebutton\">Read More<\/a><\/p>\n","protected":false},"author":8,"featured_media":0,"parent":0,"menu_order":0,"comment_status":"closed","ping_status":"closed","template":"","meta":{"ngg_post_thumbnail":0,"footnotes":""},"class_list":["post-2246","page","type-page","status-publish","hentry"],"_links":{"self":[{"href":"https:\/\/stlumine-stemarie.fr\/index.php?rest_route=\/wp\/v2\/pages\/2246","targetHints":{"allow":["GET"]}}],"collection":[{"href":"https:\/\/stlumine-stemarie.fr\/index.php?rest_route=\/wp\/v2\/pages"}],"about":[{"href":"https:\/\/stlumine-stemarie.fr\/index.php?rest_route=\/wp\/v2\/types\/page"}],"author":[{"embeddable":true,"href":"https:\/\/stlumine-stemarie.fr\/index.php?rest_route=\/wp\/v2\/users\/8"}],"replies":[{"embeddable":true,"href":"https:\/\/stlumine-stemarie.fr\/index.php?rest_route=%2Fwp%2Fv2%2Fcomments&post=2246"}],"version-history":[{"count":10,"href":"https:\/\/stlumine-stemarie.fr\/index.php?rest_route=\/wp\/v2\/pages\/2246\/revisions"}],"predecessor-version":[{"id":6726,"href":"https:\/\/stlumine-stemarie.fr\/index.php?rest_route=\/wp\/v2\/pages\/2246\/revisions\/6726"}],"wp:attachment":[{"href":"https:\/\/stlumine-stemarie.fr\/index.php?rest_route=%2Fwp%2Fv2%2Fmedia&parent=2246"}],"curies":[{"name":"wp","href":"https:\/\/api.w.org\/{rel}","templated":true}]}}